{"id":40,"date":"2025-11-11T09:53:32","date_gmt":"2025-11-11T09:53:32","guid":{"rendered":"https:\/\/www.avantitalygroup.it\/?page_id=40"},"modified":"2025-12-22T16:34:28","modified_gmt":"2025-12-22T16:34:28","slug":"accessori-porta","status":"publish","type":"page","link":"https:\/\/www.avantitalygroup.it\/en\/accessori-porta\/","title":{"rendered":"DOOR ACCESSORIES"},"content":{"rendered":"<div class=\"wpb-content-wrapper\">\r\n<div class=\"mk-page-section-wrapper\" data-mk-full-width=\"true\" data-mk-full-width-init=\"true\" data-mk-stretch-content=\"true\">\r\n\t<div id=\"page-section-1\" class=\"mk-page-section self-hosted   full_layout full-width-1 js-el js-master-row jupiter-donut-visible-dt\"    data-intro-effect=\"false\">\r\n\r\n\t\t\t\r\n\t\t\t<div class=\"mk-page-section-inner\">\r\n\t\t\t\t\r\n\r\n\r\n<div class=\"mk-video-color-mask\"><\/div>\r\n\r\n\t\t\t\t\r\n\t\t\t\t\r\n\t\r\n\t<div class=\"background-layer-holder\">\r\n\t\t<div id=\"background-layer--1\" data-mk-lazyload=\"false\" class=\"background-layer  none-blend-effect js-el\"    data-mk-img-set='{\"landscape\":{\"desktop\":\"https:\/\/www.avantitalygroup.it\/wp-content\/uploads\/2025\/12\/avant-pagine.jpg\",\"tablet\":\"https:\/\/www.avantitalygroup.it\/wp-content\/uploads\/2025\/12\/avant-pagine-1024x620.jpg\",\"mobile\":\"https:\/\/www.avantitalygroup.it\/wp-content\/uploads\/2025\/12\/avant-pagine-683x414.jpg\"},\"responsive\":\"true\"}' >\r\n\t\t\t\t\t\t\t\t\t<div class=\"mk-color-layer\"><\/div>\r\n\t\t<\/div>\r\n\t<\/div>\r\n\r\n\t\t\t<\/div>\r\n\r\n\t\t\t\r\n        <div class=\"page-section-content vc_row-fluid page-section-fullwidth\" >\r\n            <div class=\"mk-padding-wrapper wpb_row\">\r\n<div class=\"vc_col-sm-12 wpb_column column_container  jupiter-donut- _ jupiter-donut-height-full\">\r\n\t\r\n<h2 id=\"fancy-title-3\" class=\"mk-fancy-title  simple-style jupiter-donut-  color-single\">\r\n\t<span>\r\n\t\t\t\t<p>DOOR ACCESSORIES<\/p>\n\t\t\t<\/span>\r\n<\/h2>\r\n<div class=\"clearboth\"><\/div>\r\n\r\n\r\n\r\n<style>#fancy-title-3 {font-family: \"Ropa Sans\"}<\/style>\r\n<h2 id=\"fancy-title-4\" class=\"mk-fancy-title  simple-style jupiter-donut-  color-single\">\r\n\t<span>\r\n\t\t\t\t<p>AVANT ITALY GROUP, A UNIVERSE OF SOLUTIONS<\/p>\n\t\t\t<\/span>\r\n<\/h2>\r\n<div class=\"clearboth\"><\/div>\r\n\r\n\r\n\r\n<\/div>\r\n<\/div>\r\n            <div class=\"clearboth\"><\/div>\r\n        <\/div>\r\n\r\n\r\n\t\t\t\r\n\t\t\t\r\n\t\t\t\r\n\t\t<div class=\"clearboth\"><\/div>\r\n\t<\/div>\r\n<\/div>\r\n<div class=\"vc_row-full-width vc_clearfix\"><\/div>\r\n\r\n\r\n<div class=\"mk-page-section-wrapper\" data-mk-full-width=\"true\" data-mk-full-width-init=\"true\" data-mk-stretch-content=\"true\">\r\n\t<div id=\"page-section-5\" class=\"mk-page-section self-hosted   full_layout full-width-5 js-el js-master-row jupiter-donut-visible-sm\"    data-intro-effect=\"false\">\r\n\r\n\t\t\t\r\n\t\t\t<div class=\"mk-page-section-inner\">\r\n\t\t\t\t\r\n\r\n\r\n<div class=\"mk-video-color-mask\"><\/div>\r\n\r\n\t\t\t\t\r\n\t\t\t\t\r\n\t\r\n\t<div class=\"background-layer-holder\">\r\n\t\t<div id=\"background-layer--5\" data-mk-lazyload=\"false\" class=\"background-layer mk-background-stretch none-blend-effect js-el\"    data-mk-img-set='{\"landscape\":{\"desktop\":\"https:\/\/www.avantitalygroup.it\/wp-content\/uploads\/2025\/12\/avant-pagine.jpg\",\"tablet\":\"https:\/\/www.avantitalygroup.it\/wp-content\/uploads\/2025\/12\/avant-pagine-1024x620.jpg\",\"mobile\":\"https:\/\/www.avantitalygroup.it\/wp-content\/uploads\/2025\/12\/avant-pagine-683x414.jpg\"},\"responsive\":\"true\"}' >\r\n\t\t\t\t\t\t\t\t\t<div class=\"mk-color-layer\"><\/div>\r\n\t\t<\/div>\r\n\t<\/div>\r\n\r\n\t\t\t<\/div>\r\n\r\n\t\t\t\r\n        <div class=\"page-section-content vc_row-fluid page-section-fullwidth\" >\r\n            <div class=\"mk-padding-wrapper wpb_row\">\r\n<div class=\"vc_col-sm-12 wpb_column column_container  jupiter-donut- _ jupiter-donut-height-full\">\r\n\t\r\n<h2 id=\"fancy-title-7\" class=\"mk-fancy-title  simple-style jupiter-donut-  color-single\">\r\n\t<span>\r\n\t\t\t\t<p>DOOR ACCESSORIES<\/p>\n\t\t\t<\/span>\r\n<\/h2>\r\n<div class=\"clearboth\"><\/div>\r\n\r\n\r\n\r\n<style>#fancy-title-7 {font-family: \"Ropa Sans\"}<\/style>\r\n<h2 id=\"fancy-title-8\" class=\"mk-fancy-title  simple-style jupiter-donut-  color-single\">\r\n\t<span>\r\n\t\t\t\t<p>AVANT ITALY GROUP, A UNIVERSE OF SOLUTIONS<\/p>\n\t\t\t<\/span>\r\n<\/h2>\r\n<div class=\"clearboth\"><\/div>\r\n\r\n\r\n\r\n<\/div>\r\n<\/div>\r\n            <div class=\"clearboth\"><\/div>\r\n        <\/div>\r\n\r\n\r\n\t\t\t\r\n\t\t\t\r\n\t\t\t\r\n\t\t<div class=\"clearboth\"><\/div>\r\n\t<\/div>\r\n<\/div>\r\n<div class=\"vc_row-full-width vc_clearfix\"><\/div>\r\n\r\n\r\n<div  data-mk-stretch-content=\"true\" class=\"wpb_row vc_row vc_row-fluid jupiter-donut- mk-fullwidth-false  attched-false     js-master-row  mk-grid\">\r\n\t\t\t\t\r\n<div class=\"vc_col-sm-12 wpb_column column_container  jupiter-donut- _ jupiter-donut-height-full\">\r\n\t\r\n<div id=\"padding-10\" class=\"mk-padding-divider jupiter-donut-visible-dt  jupiter-donut-clearfix\"><\/div>\r\n\r\n<\/div>\r\n\t<\/div>\r\n\r\n<div  data-mk-stretch-content=\"true\" class=\"wpb_row vc_row vc_row-fluid jupiter-donut- mk-fullwidth-false  attched-false     js-master-row  mk-grid\">\r\n\t\t\t\t\r\n<div class=\"vc_col-sm-12 wpb_column column_container  jupiter-donut- _ jupiter-donut-height-full\">\r\n\t\r\n<div id=\"padding-12\" class=\"mk-padding-divider jupiter-donut-visible-sm  jupiter-donut-clearfix\"><\/div>\r\n\r\n<\/div>\r\n\t<\/div>\r\n\r\n<div  data-mk-stretch-content=\"true\" class=\"wpb_row vc_row vc_row-fluid jupiter-donut- mk-fullwidth-false  attched-false     js-master-row  mk-grid\">\r\n\t\t\t\t\r\n<div class=\"vc_col-sm-12 wpb_column column_container  jupiter-donut- _ jupiter-donut-height-full\">\r\n\t\r\n\r\n<div class=\"wpb_row vc_inner vc_row vc_row-fluid jupiter-donut-   attched-false\">\r\n\t\t\t<div class=\"wpb_column vc_column_container vc_col-sm-4\"><div class=\"vc_column-inner\"><div class=\"wpb_wrapper\"><div  class=\"mk-image mk-image-14 jupiter-donut-  mk-image-lazyload align-center rounded-frame inside-image\" style=\"margin-bottom:10px\"><div class=\"mk-image-container\" style=\"max-width: 1000px;\"><div  class=\"mk-image-holder\" style=\"max-width: 1000px;\"><div class=\"mk-image-inner\"><img loading=\"lazy\" decoding=\"async\" class=\"lightbox-false\" alt=\"\" title=\"\" width=\"1000\" height=\"633\" src=\"https:\/\/www.avantitalygroup.it\/wp-content\/uploads\/bfi_thumb\/2149684491-reznz65a4ttcuelh376q40kzx1ze93466sjbjcijb0.jpg\" \/><\/div><\/div><div class=\"clearboth\"><\/div><\/div><\/div><\/div><\/div><\/div><div class=\"wpb_column vc_column_container vc_col-sm-8 vc_col-has-fill\"><div class=\"vc_column-inner vc_custom_1763648706069\"><div class=\"wpb_wrapper\">\r\n<h2 id=\"fancy-title-15\" class=\"mk-fancy-title  simple-style jupiter-donut-  color-single\">\r\n\t<span>\r\n\t\t\t\t<p style=\"text-align: justify;\">Avant Door Accessories crafted to complement our core hardware solutions, ensuring performance continuity, aesthetic consistency, and compliance with architectural standards.<\/p>\n<p style=\"text-align: justify;\">From escutcheons to strike plates, doorstops to signage, each component is manufactured<\/p>\n<p style=\"text-align: justify;\">with high-quality materials and attention to detail\u2014providing the finishing touches your project demands.<\/p>\n\t\t\t<\/span>\r\n<\/h2>\r\n<div class=\"clearboth\"><\/div>\r\n\r\n\r\n\r\n<\/div><\/div><\/div>\t<\/div>\r\n<\/div>\r\n\t<\/div>\r\n\r\n<div  data-mk-stretch-content=\"true\" class=\"wpb_row vc_row vc_row-fluid jupiter-donut- mk-fullwidth-false  attched-false     js-master-row  mk-grid\">\r\n\t\t\t\t\r\n<div class=\"vc_col-sm-12 wpb_column column_container  jupiter-donut- _ jupiter-donut-height-full\">\r\n\t\r\n<div id=\"padding-17\" class=\"mk-padding-divider jupiter-donut-  jupiter-donut-clearfix\"><\/div>\r\n\r\n<\/div>\r\n\t<\/div>\r\n\r\n<div  data-mk-stretch-content=\"true\" class=\"wpb_row vc_row vc_row-fluid jupiter-donut- mk-fullwidth-false  attched-false     js-master-row  mk-grid\">\r\n\t\t\t\t\r\n<div class=\"vc_col-sm-12 wpb_column column_container  jupiter-donut- _ jupiter-donut-height-full\">\r\n\t\r\n<div id=\"mk-button-19\" class=\"mk-button-container _ jupiter-donut-relative    jupiter-donut-block jupiter-donut-text-center\">\r\n\r\n\t\r\n\t\t<a href=\"https:\/\/www.avantitalygroup.it\/en\/cataloghi-accessori\/\" target=\"_self\" class=\"mk-button js-smooth-scroll mk-button--dimension-flat mk-button--size-medium mk-button--corner-pointed text-color-light _ jupiter-donut-relative jupiter-donut-text-center jupiter-donut-font-weight-700 jupiter-donut-no-backface  letter-spacing-1 jupiter-donut-inline-block\"><i class=\"mk-button--icon\"><svg  class=\"mk-svg-icon\" data-name=\"mk-icon-file-pdf-o\" data-cacheid=\"icon-69dbee9c36581\" style=\" height:16px; width: 13.714285714286px; \"  xmlns=\"http:\/\/www.w3.org\/2000\/svg\" viewbox=\"0 0 1536 1792\"><path d=\"M1468 380q28 28 48 76t20 88v1152q0 40-28 68t-68 28h-1344q-40 0-68-28t-28-68v-1600q0-40 28-68t68-28h896q40 0 88 20t76 48zm-444-244v376h376q-10-29-22-41l-313-313q-12-12-41-22zm384 1528v-1024h-416q-40 0-68-28t-28-68v-416h-768v1536h1280zm-514-593q33 26 84 56 59-7 117-7 147 0 177 49 16 22 2 52 0 1-1 2l-2 2v1q-6 38-71 38-48 0-115-20t-130-53q-221 24-392 83-153 262-242 262-15 0-28-7l-24-12q-1-1-6-5-10-10-6-36 9-40 56-91.5t132-96.5q14-9 23 6 2 2 2 4 52-85 107-197 68-136 104-262-24-82-30.5-159.5t6.5-127.5q11-40 42-40h22q23 0 35 15 18 21 9 68-2 6-4 8 1 3 1 8v30q-2 123-14 192 55 164 146 238zm-576 411q52-24 137-158-51 40-87.5 84t-49.5 74zm398-920q-15 42-2 132 1-7 7-44 0-3 7-43 1-4 4-8-1-1-1-2t-.5-1.5-.5-1.5q-1-22-13-36 0 1-1 2v2zm-124 661q135-54 284-81-2-1-13-9.5t-16-13.5q-76-67-127-176-27 86-83 197-30 56-45 83zm646-16q-24-24-140-24 76 28 124 28 14 0 18-1 0-1-2-3z\"\/><\/svg><\/i><span class=\"mk-button--text\">AVANT DOOR ACCESSORIES CATLOG<\/span><\/a>\r\n\r\n\t\r\n<\/div>\r\n<\/div>\r\n\t<\/div>\r\n\r\n<div  data-mk-stretch-content=\"true\" class=\"wpb_row vc_row vc_row-fluid jupiter-donut- mk-fullwidth-false  attched-false     js-master-row  mk-grid\">\r\n\t\t\t\t\r\n<div class=\"vc_col-sm-12 wpb_column column_container  jupiter-donut- _ jupiter-donut-height-full\">\r\n\t\r\n<div id=\"padding-21\" class=\"mk-padding-divider jupiter-donut-  jupiter-donut-clearfix\"><\/div>\r\n\r\n<\/div>\r\n\t<\/div>\r\n\n<\/div>","protected":false},"excerpt":{"rendered":"ACCESSORI PORTA AVANT Italy Group, un universo di ricerca ACCESSORI PORTA AVANT Italy Group, un universo di ricerca La gamma Avant \u00e8 completata da una selezione completa di piccoli ma essenziali accessori che migliorano il comfort e la praticit\u00e0 quotidiana in casa. Dall'ampia variet\u00e0 di catenacci e limitatori di apertura ai paracolpi e ai bracci. [...]","protected":false},"author":1,"featured_media":0,"parent":0,"menu_order":0,"comment_status":"closed","ping_status":"closed","template":"","meta":{"footnotes":""},"class_list":["post-40","page","type-page","status-publish","hentry"],"yoast_head":"<!-- This site is optimized with the Yoast SEO plugin v27.3 - https:\/\/yoast.com\/product\/yoast-seo-wordpress\/ -->\n<title>ACCESSORI PORTA - AVANT Italy Group<\/title>\n<meta name=\"robots\" content=\"index, follow, max-snippet:-1, max-image-preview:large, max-video-preview:-1\" \/>\n<link rel=\"canonical\" href=\"https:\/\/www.avantitalygroup.it\/en\/accessori-porta\/\" \/>\n<meta property=\"og:locale\" content=\"en_GB\" \/>\n<meta property=\"og:type\" content=\"article\" \/>\n<meta property=\"og:title\" content=\"ACCESSORI PORTA - AVANT Italy Group\" \/>\n<meta property=\"og:url\" content=\"https:\/\/www.avantitalygroup.it\/en\/accessori-porta\/\" \/>\n<meta property=\"og:site_name\" content=\"AVANT Italy Group\" \/>\n<meta property=\"article:modified_time\" content=\"2025-12-22T16:34:28+00:00\" \/>\n<meta name=\"twitter:card\" content=\"summary_large_image\" \/>\n<meta name=\"twitter:label1\" content=\"Estimated reading time\" \/>\n\t<meta name=\"twitter:data1\" content=\"1 minute\" \/>\n<script type=\"application\/ld+json\" class=\"yoast-schema-graph\">{\"@context\":\"https:\\\/\\\/schema.org\",\"@graph\":[{\"@type\":\"WebPage\",\"@id\":\"https:\\\/\\\/www.avantitalygroup.it\\\/accessori-porta\\\/\",\"url\":\"https:\\\/\\\/www.avantitalygroup.it\\\/accessori-porta\\\/\",\"name\":\"ACCESSORI PORTA - AVANT Italy Group\",\"isPartOf\":{\"@id\":\"https:\\\/\\\/www.avantitalygroup.it\\\/#website\"},\"datePublished\":\"2025-11-11T09:53:32+00:00\",\"dateModified\":\"2025-12-22T16:34:28+00:00\",\"breadcrumb\":{\"@id\":\"https:\\\/\\\/www.avantitalygroup.it\\\/accessori-porta\\\/#breadcrumb\"},\"inLanguage\":\"en-GB\",\"potentialAction\":[{\"@type\":\"ReadAction\",\"target\":[\"https:\\\/\\\/www.avantitalygroup.it\\\/accessori-porta\\\/\"]}]},{\"@type\":\"BreadcrumbList\",\"@id\":\"https:\\\/\\\/www.avantitalygroup.it\\\/accessori-porta\\\/#breadcrumb\",\"itemListElement\":[{\"@type\":\"ListItem\",\"position\":1,\"name\":\"Home\",\"item\":\"https:\\\/\\\/www.avantitalygroup.it\\\/\"},{\"@type\":\"ListItem\",\"position\":2,\"name\":\"ACCESSORI PORTA\"}]},{\"@type\":\"WebSite\",\"@id\":\"https:\\\/\\\/www.avantitalygroup.it\\\/#website\",\"url\":\"https:\\\/\\\/www.avantitalygroup.it\\\/\",\"name\":\"AVANT Italy Group\",\"description\":\"Sistemi in alluminio\",\"publisher\":{\"@id\":\"https:\\\/\\\/www.avantitalygroup.it\\\/#organization\"},\"potentialAction\":[{\"@type\":\"SearchAction\",\"target\":{\"@type\":\"EntryPoint\",\"urlTemplate\":\"https:\\\/\\\/www.avantitalygroup.it\\\/?s={search_term_string}\"},\"query-input\":{\"@type\":\"PropertyValueSpecification\",\"valueRequired\":true,\"valueName\":\"search_term_string\"}}],\"inLanguage\":\"en-GB\"},{\"@type\":\"Organization\",\"@id\":\"https:\\\/\\\/www.avantitalygroup.it\\\/#organization\",\"name\":\"AVANT Italy Group\",\"url\":\"https:\\\/\\\/www.avantitalygroup.it\\\/\",\"logo\":{\"@type\":\"ImageObject\",\"inLanguage\":\"en-GB\",\"@id\":\"https:\\\/\\\/www.avantitalygroup.it\\\/#\\\/schema\\\/logo\\\/image\\\/\",\"url\":\"https:\\\/\\\/www.avantitalygroup.it\\\/wp-content\\\/uploads\\\/2025\\\/11\\\/logo-avant-italy-dark-e1762881481840.png\",\"contentUrl\":\"https:\\\/\\\/www.avantitalygroup.it\\\/wp-content\\\/uploads\\\/2025\\\/11\\\/logo-avant-italy-dark-e1762881481840.png\",\"width\":107,\"height\":95,\"caption\":\"AVANT Italy Group\"},\"image\":{\"@id\":\"https:\\\/\\\/www.avantitalygroup.it\\\/#\\\/schema\\\/logo\\\/image\\\/\"}}]}<\/script>\n<!-- \/ Yoast SEO plugin. -->","yoast_head_json":{"title":"ACCESSORI PORTA - AVANT Italy Group","robots":{"index":"index","follow":"follow","max-snippet":"max-snippet:-1","max-image-preview":"max-image-preview:large","max-video-preview":"max-video-preview:-1"},"canonical":"https:\/\/www.avantitalygroup.it\/en\/accessori-porta\/","og_locale":"en_GB","og_type":"article","og_title":"ACCESSORI PORTA - AVANT Italy Group","og_url":"https:\/\/www.avantitalygroup.it\/en\/accessori-porta\/","og_site_name":"AVANT Italy Group","article_modified_time":"2025-12-22T16:34:28+00:00","twitter_card":"summary_large_image","twitter_misc":{"Estimated reading time":"1 minute"},"schema":{"@context":"https:\/\/schema.org","@graph":[{"@type":"WebPage","@id":"https:\/\/www.avantitalygroup.it\/accessori-porta\/","url":"https:\/\/www.avantitalygroup.it\/accessori-porta\/","name":"ACCESSORI PORTA - AVANT Italy Group","isPartOf":{"@id":"https:\/\/www.avantitalygroup.it\/#website"},"datePublished":"2025-11-11T09:53:32+00:00","dateModified":"2025-12-22T16:34:28+00:00","breadcrumb":{"@id":"https:\/\/www.avantitalygroup.it\/accessori-porta\/#breadcrumb"},"inLanguage":"en-GB","potentialAction":[{"@type":"ReadAction","target":["https:\/\/www.avantitalygroup.it\/accessori-porta\/"]}]},{"@type":"BreadcrumbList","@id":"https:\/\/www.avantitalygroup.it\/accessori-porta\/#breadcrumb","itemListElement":[{"@type":"ListItem","position":1,"name":"Home","item":"https:\/\/www.avantitalygroup.it\/"},{"@type":"ListItem","position":2,"name":"ACCESSORI PORTA"}]},{"@type":"WebSite","@id":"https:\/\/www.avantitalygroup.it\/#website","url":"https:\/\/www.avantitalygroup.it\/","name":"AVANT Italy Group","description":"Sistemi in alluminio","publisher":{"@id":"https:\/\/www.avantitalygroup.it\/#organization"},"potentialAction":[{"@type":"SearchAction","target":{"@type":"EntryPoint","urlTemplate":"https:\/\/www.avantitalygroup.it\/?s={search_term_string}"},"query-input":{"@type":"PropertyValueSpecification","valueRequired":true,"valueName":"search_term_string"}}],"inLanguage":"en-GB"},{"@type":"Organization","@id":"https:\/\/www.avantitalygroup.it\/#organization","name":"AVANT Italy Group","url":"https:\/\/www.avantitalygroup.it\/","logo":{"@type":"ImageObject","inLanguage":"en-GB","@id":"https:\/\/www.avantitalygroup.it\/#\/schema\/logo\/image\/","url":"https:\/\/www.avantitalygroup.it\/wp-content\/uploads\/2025\/11\/logo-avant-italy-dark-e1762881481840.png","contentUrl":"https:\/\/www.avantitalygroup.it\/wp-content\/uploads\/2025\/11\/logo-avant-italy-dark-e1762881481840.png","width":107,"height":95,"caption":"AVANT Italy Group"},"image":{"@id":"https:\/\/www.avantitalygroup.it\/#\/schema\/logo\/image\/"}}]}},"_links":{"self":[{"href":"https:\/\/www.avantitalygroup.it\/en\/wp-json\/wp\/v2\/pages\/40","targetHints":{"allow":["GET"]}}],"collection":[{"href":"https:\/\/www.avantitalygroup.it\/en\/wp-json\/wp\/v2\/pages"}],"about":[{"href":"https:\/\/www.avantitalygroup.it\/en\/wp-json\/wp\/v2\/types\/page"}],"author":[{"embeddable":true,"href":"https:\/\/www.avantitalygroup.it\/en\/wp-json\/wp\/v2\/users\/1"}],"replies":[{"embeddable":true,"href":"https:\/\/www.avantitalygroup.it\/en\/wp-json\/wp\/v2\/comments?post=40"}],"version-history":[{"count":14,"href":"https:\/\/www.avantitalygroup.it\/en\/wp-json\/wp\/v2\/pages\/40\/revisions"}],"predecessor-version":[{"id":721,"href":"https:\/\/www.avantitalygroup.it\/en\/wp-json\/wp\/v2\/pages\/40\/revisions\/721"}],"wp:attachment":[{"href":"https:\/\/www.avantitalygroup.it\/en\/wp-json\/wp\/v2\/media?parent=40"}],"curies":[{"name":"wp","href":"https:\/\/api.w.org\/{rel}","templated":true}]}}