{"id":44,"date":"2025-11-11T09:54:02","date_gmt":"2025-11-11T09:54:02","guid":{"rendered":"https:\/\/www.avantitalygroup.it\/?page_id=44"},"modified":"2026-01-07T11:15:41","modified_gmt":"2026-01-07T11:15:41","slug":"area-riservata","status":"publish","type":"page","link":"https:\/\/www.avantitalygroup.it\/en\/area-riservata\/","title":{"rendered":"DOWNLOAD"},"content":{"rendered":"<div class=\"wpb-content-wrapper\">\r\n<div class=\"mk-page-section-wrapper\" data-mk-full-width=\"true\" data-mk-full-width-init=\"true\" data-mk-stretch-content=\"true\">\r\n\t<div id=\"page-section-1\" class=\"mk-page-section self-hosted   full_layout full-width-1 js-el js-master-row jupiter-donut-visible-dt\"    data-intro-effect=\"false\">\r\n\r\n\t\t\t\r\n\t\t\t<div class=\"mk-page-section-inner\">\r\n\t\t\t\t\r\n\r\n\r\n<div class=\"mk-video-color-mask\"><\/div>\r\n\r\n\t\t\t\t\r\n\t\t\t\t\r\n\t\r\n\t<div class=\"background-layer-holder\">\r\n\t\t<div id=\"background-layer--1\" data-mk-lazyload=\"false\" class=\"background-layer  none-blend-effect js-el\"    data-mk-img-set='{\"landscape\":{\"desktop\":\"https:\/\/www.avantitalygroup.it\/wp-content\/uploads\/2025\/12\/avant-pagine.jpg\",\"tablet\":\"https:\/\/www.avantitalygroup.it\/wp-content\/uploads\/2025\/12\/avant-pagine-1024x620.jpg\",\"mobile\":\"https:\/\/www.avantitalygroup.it\/wp-content\/uploads\/2025\/12\/avant-pagine-683x414.jpg\"},\"responsive\":\"true\"}' >\r\n\t\t\t\t\t\t\t\t\t<div class=\"mk-color-layer\"><\/div>\r\n\t\t<\/div>\r\n\t<\/div>\r\n\r\n\t\t\t<\/div>\r\n\r\n\t\t\t\r\n        <div class=\"page-section-content vc_row-fluid page-section-fullwidth\" >\r\n            <div class=\"mk-padding-wrapper wpb_row\">\r\n<div class=\"vc_col-sm-12 wpb_column column_container  jupiter-donut- _ jupiter-donut-height-full\">\r\n\t\r\n<h2 id=\"fancy-title-3\" class=\"mk-fancy-title  simple-style jupiter-donut-  color-single\">\r\n\t<span>\r\n\t\t\t\t<p>DOWNLOAD<\/p>\n\t\t\t<\/span>\r\n<\/h2>\r\n<div class=\"clearboth\"><\/div>\r\n\r\n\r\n\r\n<style>#fancy-title-3 {font-family: \"Ropa Sans\"}<\/style>\r\n<h2 id=\"fancy-title-4\" class=\"mk-fancy-title  simple-style jupiter-donut-  color-single\">\r\n\t<span>\r\n\t\t\t\t<p>AVANT ITALY GROUP, A UNIVERSE OF SOLUTIONS<\/p>\n\t\t\t<\/span>\r\n<\/h2>\r\n<div class=\"clearboth\"><\/div>\r\n\r\n\r\n\r\n<\/div>\r\n<\/div>\r\n            <div class=\"clearboth\"><\/div>\r\n        <\/div>\r\n\r\n\r\n\t\t\t\r\n\t\t\t\r\n\t\t\t\r\n\t\t<div class=\"clearboth\"><\/div>\r\n\t<\/div>\r\n<\/div>\r\n<div class=\"vc_row-full-width vc_clearfix\"><\/div>\r\n\r\n\r\n<div class=\"mk-page-section-wrapper\" data-mk-full-width=\"true\" data-mk-full-width-init=\"true\" data-mk-stretch-content=\"true\">\r\n\t<div id=\"page-section-5\" class=\"mk-page-section self-hosted   full_layout full-width-5 js-el js-master-row jupiter-donut-visible-sm\"    data-intro-effect=\"false\">\r\n\r\n\t\t\t\r\n\t\t\t<div class=\"mk-page-section-inner\">\r\n\t\t\t\t\r\n\r\n\r\n<div class=\"mk-video-color-mask\"><\/div>\r\n\r\n\t\t\t\t\r\n\t\t\t\t\r\n\t\r\n\t<div class=\"background-layer-holder\">\r\n\t\t<div id=\"background-layer--5\" data-mk-lazyload=\"false\" class=\"background-layer mk-background-stretch none-blend-effect js-el\"    data-mk-img-set='{\"landscape\":{\"desktop\":\"https:\/\/www.avantitalygroup.it\/wp-content\/uploads\/2025\/12\/avant-pagine.jpg\",\"tablet\":\"https:\/\/www.avantitalygroup.it\/wp-content\/uploads\/2025\/12\/avant-pagine-1024x620.jpg\",\"mobile\":\"https:\/\/www.avantitalygroup.it\/wp-content\/uploads\/2025\/12\/avant-pagine-683x414.jpg\"},\"responsive\":\"true\"}' >\r\n\t\t\t\t\t\t\t\t\t<div class=\"mk-color-layer\"><\/div>\r\n\t\t<\/div>\r\n\t<\/div>\r\n\r\n\t\t\t<\/div>\r\n\r\n\t\t\t\r\n        <div class=\"page-section-content vc_row-fluid page-section-fullwidth\" >\r\n            <div class=\"mk-padding-wrapper wpb_row\">\r\n<div class=\"vc_col-sm-12 wpb_column column_container  jupiter-donut- _ jupiter-donut-height-full\">\r\n\t\r\n<h2 id=\"fancy-title-7\" class=\"mk-fancy-title  simple-style jupiter-donut-  color-single\">\r\n\t<span>\r\n\t\t\t\t<p>DOWNLOAD<\/p>\n\t\t\t<\/span>\r\n<\/h2>\r\n<div class=\"clearboth\"><\/div>\r\n\r\n\r\n\r\n<style>#fancy-title-7 {font-family: \"Ropa Sans\"}<\/style>\r\n<h2 id=\"fancy-title-8\" class=\"mk-fancy-title  simple-style jupiter-donut-  color-single\">\r\n\t<span>\r\n\t\t\t\t<p>AVANT ITALY GROUP, A UNIVERSE OF SOLUTIONS<\/p>\n\t\t\t<\/span>\r\n<\/h2>\r\n<div class=\"clearboth\"><\/div>\r\n\r\n\r\n\r\n<\/div>\r\n<\/div>\r\n            <div class=\"clearboth\"><\/div>\r\n        <\/div>\r\n\r\n\r\n\t\t\t\r\n\t\t\t\r\n\t\t\t\r\n\t\t<div class=\"clearboth\"><\/div>\r\n\t<\/div>\r\n<\/div>\r\n<div class=\"vc_row-full-width vc_clearfix\"><\/div>\r\n\r\n\r\n<div  data-mk-stretch-content=\"true\" class=\"wpb_row vc_row vc_row-fluid jupiter-donut- mk-fullwidth-false  attched-false     js-master-row  mk-grid\">\r\n\t\t\t\t\r\n<div class=\"vc_col-sm-12 wpb_column column_container  jupiter-donut- _ jupiter-donut-height-full\">\r\n\t\r\n<h2 id=\"fancy-title-10\" class=\"mk-fancy-title  simple-style jupiter-donut-  color-single\">\r\n\t<span>\r\n\t\t\t\t<p>AVANT Italy Group<\/p>\n\t\t\t<\/span>\r\n<\/h2>\r\n<div class=\"clearboth\"><\/div>\r\n\r\n\r\n\r\n<style>#fancy-title-10 {font-family: \"Ropa Sans\"}<\/style>\r\n<h2 id=\"fancy-title-11\" class=\"mk-fancy-title  simple-style jupiter-donut-  color-single\">\r\n\t<span>\r\n\t\t\t\t<p class=\"translation-block\">There's a place where matter meets light, where aluminum takes shape and becomes architecture, emotion, and design. That place is AVANT Italy Group, a universe of research, creativity, and technology that brings aluminum systems to life for those who imagine boundless spaces. Every line, every detail, every reflection is born from a vision: to transform metal into a language of style.<\/p>\n\t\t\t<\/span>\r\n<\/h2>\r\n<div class=\"clearboth\"><\/div>\r\n\r\n\r\n\r\n\r\n<div id=\"padding-12\" class=\"mk-padding-divider jupiter-donut-  jupiter-donut-clearfix\"><\/div>\r\n\r\n<\/div>\r\n\t<\/div>\r\n\r\n<div  data-mk-stretch-content=\"true\" class=\"wpb_row vc_row vc_row-fluid jupiter-donut- mk-fullwidth-false  attched-false     js-master-row  mk-grid\">\r\n\t\t\t\t\r\n<div class=\"vc_col-sm-2 wpb_column column_container  jupiter-donut- _ jupiter-donut-height-full\">\r\n\t<\/div>\r\n\r\n<div class=\"vc_col-sm-8 wpb_column column_container vc_custom_1763632613171 jupiter-donut- _ jupiter-donut-height-full\">\r\n\t\r\n<div id=\"padding-15\" class=\"mk-padding-divider jupiter-donut-  jupiter-donut-clearfix\"><\/div>\r\n\r\n<div class=\"vc_message_box vc_message_box-standard vc_message_box-rounded vc_color-alert-danger vc_do_message\" ><div class=\"vc_message_box-icon\"><i class=\"fa fa-solid fa-circle-info\"><\/i><\/div><p style=\"text-align: center;\" class=\"translation-block\">To view and download our <strong>catalogs<\/strong>, you need to subscribe to the Avanti Italy Group <strong> newsletter<\/strong> . Subscribing will give you immediate access to our content, as well as receiving updates and dedicated offers.<\/p>\n<\/div>\t<div class=\"vc_custom_1763632545194\">\r\n\r\n<div id=\"text-block-16\" class=\"mk-text-block  jupiter-donut-\">\r\n\r\n\t\r\n\t<div class=\"forminator-ui forminator-custom-form forminator-custom-form-276 forminator-design--default  forminator_ajax\" data-forminator-render=\"0\" data-form=\"forminator-module-276\" data-uid=\"69dc06edb9ccd\"><br\/><\/div><form\n\t\t\t\tid=\"forminator-module-276\"\n\t\t\t\tclass=\"forminator-ui forminator-custom-form forminator-custom-form-276 forminator-design--default  forminator_ajax\"\n\t\t\t\tmethod=\"post\"\n\t\t\t\tdata-forminator-render=\"0\"\n\t\t\t\tdata-form-id=\"276\"\n\t\t\t\t data-color-option=\"theme\" data-design=\"default\" data-grid=\"open\" style=\"display: none;\"\n\t\t\t\tdata-uid=\"69dc06edb9ccd\" action=\"\"\n\t\t\t><div role=\"alert\" aria-live=\"polite\" class=\"forminator-response-message forminator-error\" aria-hidden=\"true\"><\/div><div class=\"forminator-row\"><div id=\"name-1\" class=\"forminator-field-name forminator-col forminator-col-12\"><div class=\"forminator-row forminator-no-margin\" data-multiple=\"true\"><div class=\"forminator-col forminator-col-md-6\"><div class=\"forminator-field\"><label for=\"forminator-field-first-name-1_69dc06edb9ccd\" id=\"forminator-field-first-name-1_69dc06edb9ccd-label\" class=\"forminator-label\">Name <span class=\"forminator-required\">*<\/span><\/label><input type=\"text\" name=\"name-1-first-name\" placeholder=\"\" id=\"forminator-field-first-name-1_69dc06edb9ccd\" class=\"forminator-input\" aria-required=\"true\" data-multi=\"1\" autocomplete=\"given-name\" value=\"\" \/><\/div><\/div><div class=\"forminator-col forminator-col-md-6\"><div class=\"forminator-field\"><label for=\"forminator-field-last-name-1_69dc06edb9ccd\" id=\"forminator-field-last-name-1_69dc06edb9ccd-label\" class=\"forminator-label\">Surname <span class=\"forminator-required\">*<\/span><\/label><input type=\"text\" name=\"name-1-last-name\" placeholder=\"\" id=\"forminator-field-last-name-1_69dc06edb9ccd\" class=\"forminator-input\" aria-required=\"true\" data-multi=\"1\" autocomplete=\"family-name\" value=\"\" \/><\/div><\/div><\/div><\/div><\/div><div class=\"forminator-row\"><div id=\"email-1\" class=\"forminator-field-email forminator-col forminator-col-12\"><div class=\"forminator-field\"><label for=\"forminator-field-email-1_69dc06edb9ccd\" id=\"forminator-field-email-1_69dc06edb9ccd-label\" class=\"forminator-label\">Email <span class=\"forminator-required\">*<\/span><\/label><input type=\"email\" name=\"email-1\" value=\"\" placeholder=\"\" id=\"forminator-field-email-1_69dc06edb9ccd\" class=\"forminator-input forminator-email--field\" data-required=\"true\" aria-required=\"true\" autocomplete=\"email\" \/><\/div><\/div><\/div><div class=\"forminator-row\"><div id=\"consent-1\" class=\"forminator-field-consent forminator-col forminator-col-12\"><div class=\"forminator-field\"><label for=\"forminator-field-consent-1_69dc06edb9ccd\" id=\"forminator-field-consent-1_69dc06edb9ccd-label\" class=\"forminator-label\">Privacy <span class=\"forminator-required\">*<\/span><\/label><div class=\"forminator-checkbox__wrapper\"><label id=\"forminator-field-consent-1_69dc06edb9ccd__label\" class=\"forminator-checkbox forminator-consent\"><input type=\"checkbox\" name=\"consent-1\" id=\"forminator-field-consent-1_69dc06edb9ccd\" value=\"checked\" aria-labelledby=\"forminator-field-consent-1_69dc06edb9ccd-label\" aria-describedby=\"forminator-field-consent-1_69dc06edb9ccd__description\" data-required=\"true\" aria-required=\"true\" \/><span class=\"forminator-checkbox-box\" aria-hidden=\"true\"><\/span><\/label><div id=\"forminator-field-consent-1_69dc06edb9ccd__description\" class=\"forminator-checkbox__label forminator-consent__label\"><p>I consent to the processing of data in accordance with the privacy legislation (EU Regulation 2016\/679) and confirm that I have read the information <a rel=\"noopener\" target=\"_blank\" href=\"https:\/\/www.avantitalygroup.it\/en\/privacy-cookie-policy\/\">Privacy<\/a><\/p><\/div><\/div><\/div><\/div><\/div><input type=\"hidden\" name=\"referer_url\" value=\"\" \/><div class=\"forminator-row forminator-row-last\"><div class=\"forminator-col\"><div class=\"forminator-field\"><button class=\"forminator-button forminator-button-submit\">SUBSCRIBE<\/button><\/div><\/div><\/div><input type=\"hidden\" id=\"forminator_nonce\" name=\"forminator_nonce\" value=\"50787bf964\" \/><input type=\"hidden\" name=\"_wp_http_referer\" value=\"\/en\/wp-json\/wp\/v2\/pages\/44\" \/><input type=\"hidden\" name=\"form_id\" value=\"276\"><input type=\"hidden\" name=\"page_id\" value=\"44\"><input type=\"hidden\" name=\"form_type\" value=\"default\"><input type=\"hidden\" name=\"current_url\" value=\"https:\/\/www.avantitalygroup.it\/en\/area-riservata\/\"><input type=\"hidden\" name=\"render_id\" value=\"0\"><input type=\"hidden\" name=\"action\" value=\"forminator_submit_form_custom-forms\"><input type=\"hidden\" name=\"trp-form-language\" value=\"en\"\/><\/form>\n\r\n\t<div class=\"clearboth\"><\/div>\r\n<\/div>\r\n\r\n\t<\/div>\r\n<\/div>\r\n\r\n<div class=\"vc_col-sm-2 wpb_column column_container  jupiter-donut- _ jupiter-donut-height-full\">\r\n\t<\/div>\r\n\t<\/div>\r\n\r\n<div  data-mk-stretch-content=\"true\" class=\"wpb_row vc_row vc_row-fluid jupiter-donut- mk-fullwidth-false  attched-false     js-master-row  mk-grid\">\r\n\t\t\t\t\r\n<div class=\"vc_col-sm-12 wpb_column column_container  jupiter-donut- _ jupiter-donut-height-full\">\r\n\t\r\n<div id=\"padding-19\" class=\"mk-padding-divider jupiter-donut-  jupiter-donut-clearfix\"><\/div>\r\n\r\n<\/div>\r\n\t<\/div>\r\n\r\n<div  data-mk-full-width=\"true\" data-mk-full-width-init=\"false\" data-mk-stretch-content=\"true\" class=\"wpb_row vc_row vc_row-fluid jupiter-donut-visible-dt mk-fullwidth-true  attched-false    vc_custom_1766058326940  js-master-row  mk-full-content-true\">\r\n\t\t\t\t\r\n<div class=\"vc_col-sm-4 wpb_column column_container  jupiter-donut- _ jupiter-donut-height-full\">\r\n\t\r\n<div id=\"padding-21\" class=\"mk-padding-divider jupiter-donut-  jupiter-donut-clearfix\"><\/div>\r\n\r\n<div id=\"mk-icon-box-22\" class=\"mk-box-icon-2  jupiter-donut- box-align-center\">    <div class=\"mk-box-icon-2-image\" style=\"width:128px;\">        <img decoding=\"async\" src=\"https:\/\/www.avantitalygroup.it\/wp-content\/uploads\/2025\/11\/risorsa-150.png\" alt=\"Design d'avanguardia\" \/>    <\/div>    <h3 class=\"mk-box-icon-2-title\">Cutting-edge design<\/h3>    <p class=\"mk-box-icon-2-content\"><\/p><\/div><\/div>\r\n\r\n<div class=\"vc_col-sm-4 wpb_column column_container  jupiter-donut- _ jupiter-donut-height-full\">\r\n\t\r\n<div id=\"padding-24\" class=\"mk-padding-divider jupiter-donut-  jupiter-donut-clearfix\"><\/div>\r\n\r\n<div id=\"mk-icon-box-25\" class=\"mk-box-icon-2  jupiter-donut- box-align-center\">    <div class=\"mk-box-icon-2-image\" style=\"width:128px;\">        <img decoding=\"async\" src=\"https:\/\/www.avantitalygroup.it\/wp-content\/uploads\/2025\/11\/risorsa-149.png\" alt=\"Artigianato Made in italy\" \/>    <\/div>    <h3 class=\"mk-box-icon-2-title\">ITALIAN TECHNOLOGY<\/h3>    <p class=\"mk-box-icon-2-content\"><\/p><\/div><\/div>\r\n\r\n<div class=\"vc_col-sm-4 wpb_column column_container  jupiter-donut- _ jupiter-donut-height-full\">\r\n\t\r\n<div id=\"padding-27\" class=\"mk-padding-divider jupiter-donut-  jupiter-donut-clearfix\"><\/div>\r\n\r\n<div id=\"mk-icon-box-28\" class=\"mk-box-icon-2  jupiter-donut- box-align-center\">    <div class=\"mk-box-icon-2-image\" style=\"width:128px;\">        <img decoding=\"async\" src=\"https:\/\/www.avantitalygroup.it\/wp-content\/uploads\/2025\/11\/icona_casa.png\" alt=\"Tecnologia e innovazione di sistema\" \/>    <\/div>    <h3 class=\"mk-box-icon-2-title\">ADVANCED SYSTEM SOLUTIONS<\/h3>    <p class=\"mk-box-icon-2-content\"><\/p><\/div><\/div>\r\n\t<\/div>\r\n<div class=\"vc_row-full-width vc_clearfix\"><\/div>\r\n<div  data-mk-full-width=\"true\" data-mk-full-width-init=\"false\" data-mk-stretch-content=\"true\" class=\"wpb_row vc_row vc_row-fluid jupiter-donut-visible-dt mk-fullwidth-true  attched-false    vc_custom_1766058332032  js-master-row  mk-full-content-true\">\r\n\t\t\t\t\r\n<div class=\"vc_col-sm-2 wpb_column column_container  jupiter-donut- _ jupiter-donut-height-full\">\r\n\t<\/div>\r\n\r\n<div class=\"vc_col-sm-8 wpb_column column_container  jupiter-donut- _ jupiter-donut-height-full\">\r\n\t\r\n<h2 id=\"fancy-title-31\" class=\"mk-fancy-title  simple-style jupiter-donut-  color-single\">\r\n\t<span>\r\n\t\t\t\t<p>Because building doesn't just mean erecting structures, but designing the future with passion, with style, with Avant.<\/p>\n\t\t\t<\/span>\r\n<\/h2>\r\n<div class=\"clearboth\"><\/div>\r\n\r\n\r\n\r\n\r\n<div id=\"padding-32\" class=\"mk-padding-divider jupiter-donut-  jupiter-donut-clearfix\"><\/div>\r\n\r\n<\/div>\r\n\r\n<div class=\"vc_col-sm-2 wpb_column column_container  jupiter-donut- _ jupiter-donut-height-full\">\r\n\t<\/div>\r\n\t<\/div>\r\n<div class=\"vc_row-full-width vc_clearfix\"><\/div>\r\n<div  data-mk-full-width=\"true\" data-mk-full-width-init=\"false\" data-mk-stretch-content=\"true\" class=\"wpb_row vc_row vc_row-fluid jupiter-donut-visible-sm mk-fullwidth-true  attched-false    vc_custom_1766058344044  js-master-row  mk-full-content-true\">\r\n\t\t\t\t\r\n<div class=\"vc_col-sm-4 wpb_column column_container  jupiter-donut- _ jupiter-donut-height-full\">\r\n\t\r\n<div id=\"padding-35\" class=\"mk-padding-divider jupiter-donut-  jupiter-donut-clearfix\"><\/div>\r\n\r\n<div id=\"mk-icon-box-36\" class=\"mk-box-icon-2  jupiter-donut- box-align-center\">    <div class=\"mk-box-icon-2-image\" style=\"width:128px;\">        <img decoding=\"async\" src=\"https:\/\/www.avantitalygroup.it\/wp-content\/uploads\/2025\/11\/risorsa-150.png\" alt=\"Design d'avanguardia\" \/>    <\/div>    <h3 class=\"mk-box-icon-2-title\">Cutting-edge design<\/h3>    <p class=\"mk-box-icon-2-content\"><\/p><\/div><\/div>\r\n\r\n<div class=\"vc_col-sm-4 wpb_column column_container  jupiter-donut- _ jupiter-donut-height-full\">\r\n\t\r\n<div id=\"padding-38\" class=\"mk-padding-divider jupiter-donut-  jupiter-donut-clearfix\"><\/div>\r\n\r\n<div id=\"mk-icon-box-39\" class=\"mk-box-icon-2  jupiter-donut- box-align-center\">    <div class=\"mk-box-icon-2-image\" style=\"width:128px;\">        <img decoding=\"async\" src=\"https:\/\/www.avantitalygroup.it\/wp-content\/uploads\/2025\/11\/risorsa-149.png\" alt=\"Artigianato Made in italy\" \/>    <\/div>    <h3 class=\"mk-box-icon-2-title\">ITALIAN TECHNOLOGY<\/h3>    <p class=\"mk-box-icon-2-content\"><\/p><\/div><\/div>\r\n\r\n<div class=\"vc_col-sm-4 wpb_column column_container  jupiter-donut- _ jupiter-donut-height-full\">\r\n\t\r\n<div id=\"padding-41\" class=\"mk-padding-divider jupiter-donut-  jupiter-donut-clearfix\"><\/div>\r\n\r\n<div id=\"mk-icon-box-42\" class=\"mk-box-icon-2  jupiter-donut- box-align-center\">    <div class=\"mk-box-icon-2-image\" style=\"width:128px;\">        <img decoding=\"async\" src=\"https:\/\/www.avantitalygroup.it\/wp-content\/uploads\/2025\/11\/icona_casa.png\" alt=\"Tecnologia e innovazione di sistema\" \/>    <\/div>    <h3 class=\"mk-box-icon-2-title\">ADVANCED SYSTEM SOLUTIONS<\/h3>    <p class=\"mk-box-icon-2-content\"><\/p><\/div><\/div>\r\n\t<\/div>\r\n<div class=\"vc_row-full-width vc_clearfix\"><\/div>\r\n<div  data-mk-full-width=\"true\" data-mk-full-width-init=\"false\" data-mk-stretch-content=\"true\" class=\"wpb_row vc_row vc_row-fluid jupiter-donut-visible-sm mk-fullwidth-true  attched-false    vc_custom_1766058359440  js-master-row  mk-full-content-true\">\r\n\t\t\t\t\r\n<div class=\"vc_col-sm-12 wpb_column column_container  jupiter-donut- _ jupiter-donut-height-full\">\r\n\t\r\n<h2 id=\"fancy-title-44\" class=\"mk-fancy-title  simple-style jupiter-donut-  color-single\">\r\n\t<span>\r\n\t\t\t\t<p>Because building doesn't just mean erecting structures, but designing the future with passion, with style, with Avant.<\/p>\n\t\t\t<\/span>\r\n<\/h2>\r\n<div class=\"clearboth\"><\/div>\r\n\r\n\r\n\r\n\r\n<div id=\"padding-45\" class=\"mk-padding-divider jupiter-donut-  jupiter-donut-clearfix\"><\/div>\r\n\r\n<\/div>\r\n\t<\/div>\r\n<div class=\"vc_row-full-width vc_clearfix\"><\/div>\n<\/div>","protected":false},"excerpt":{"rendered":"AREA RISERVATA AVANT Italy Group, un universo di ricerca AREA RISERVATA AVANT Italy Group, un universo di ricerca AVANT Italy Group C\u2019\u00e8 un luogo dove la materia incontra la luce, dove l\u2019alluminio prende forma e diventa architettura, emozione e design. Quel luogo \u00e8 AVANT Italy Group, un universo di ricerca, creativit\u00e0 e tecnologia che d\u00e0 [...]","protected":false},"author":1,"featured_media":0,"parent":0,"menu_order":0,"comment_status":"closed","ping_status":"closed","template":"","meta":{"footnotes":""},"class_list":["post-44","page","type-page","status-publish","hentry"],"yoast_head":"<!-- This site is optimized with the Yoast SEO plugin v27.3 - https:\/\/yoast.com\/product\/yoast-seo-wordpress\/ -->\n<title>DOWNLOAD - AVANT Italy Group<\/title>\n<meta name=\"robots\" content=\"index, follow, max-snippet:-1, max-image-preview:large, max-video-preview:-1\" \/>\n<link rel=\"canonical\" href=\"https:\/\/www.avantitalygroup.it\/en\/area-riservata\/\" \/>\n<meta property=\"og:locale\" content=\"en_GB\" \/>\n<meta property=\"og:type\" content=\"article\" \/>\n<meta property=\"og:title\" content=\"DOWNLOAD - AVANT Italy Group\" \/>\n<meta property=\"og:url\" content=\"https:\/\/www.avantitalygroup.it\/en\/area-riservata\/\" \/>\n<meta property=\"og:site_name\" content=\"AVANT Italy Group\" \/>\n<meta property=\"article:modified_time\" content=\"2026-01-07T11:15:41+00:00\" \/>\n<meta name=\"twitter:card\" content=\"summary_large_image\" \/>\n<meta name=\"twitter:label1\" content=\"Estimated reading time\" \/>\n\t<meta name=\"twitter:data1\" content=\"3 minutes\" \/>\n<script type=\"application\/ld+json\" class=\"yoast-schema-graph\">{\"@context\":\"https:\\\/\\\/schema.org\",\"@graph\":[{\"@type\":\"WebPage\",\"@id\":\"https:\\\/\\\/www.avantitalygroup.it\\\/area-riservata\\\/\",\"url\":\"https:\\\/\\\/www.avantitalygroup.it\\\/area-riservata\\\/\",\"name\":\"DOWNLOAD - AVANT Italy Group\",\"isPartOf\":{\"@id\":\"https:\\\/\\\/www.avantitalygroup.it\\\/#website\"},\"datePublished\":\"2025-11-11T09:54:02+00:00\",\"dateModified\":\"2026-01-07T11:15:41+00:00\",\"breadcrumb\":{\"@id\":\"https:\\\/\\\/www.avantitalygroup.it\\\/area-riservata\\\/#breadcrumb\"},\"inLanguage\":\"en-GB\",\"potentialAction\":[{\"@type\":\"ReadAction\",\"target\":[\"https:\\\/\\\/www.avantitalygroup.it\\\/area-riservata\\\/\"]}]},{\"@type\":\"BreadcrumbList\",\"@id\":\"https:\\\/\\\/www.avantitalygroup.it\\\/area-riservata\\\/#breadcrumb\",\"itemListElement\":[{\"@type\":\"ListItem\",\"position\":1,\"name\":\"Home\",\"item\":\"https:\\\/\\\/www.avantitalygroup.it\\\/\"},{\"@type\":\"ListItem\",\"position\":2,\"name\":\"DOWNLOAD\"}]},{\"@type\":\"WebSite\",\"@id\":\"https:\\\/\\\/www.avantitalygroup.it\\\/#website\",\"url\":\"https:\\\/\\\/www.avantitalygroup.it\\\/\",\"name\":\"AVANT Italy Group\",\"description\":\"Sistemi in alluminio\",\"publisher\":{\"@id\":\"https:\\\/\\\/www.avantitalygroup.it\\\/#organization\"},\"potentialAction\":[{\"@type\":\"SearchAction\",\"target\":{\"@type\":\"EntryPoint\",\"urlTemplate\":\"https:\\\/\\\/www.avantitalygroup.it\\\/?s={search_term_string}\"},\"query-input\":{\"@type\":\"PropertyValueSpecification\",\"valueRequired\":true,\"valueName\":\"search_term_string\"}}],\"inLanguage\":\"en-GB\"},{\"@type\":\"Organization\",\"@id\":\"https:\\\/\\\/www.avantitalygroup.it\\\/#organization\",\"name\":\"AVANT Italy Group\",\"url\":\"https:\\\/\\\/www.avantitalygroup.it\\\/\",\"logo\":{\"@type\":\"ImageObject\",\"inLanguage\":\"en-GB\",\"@id\":\"https:\\\/\\\/www.avantitalygroup.it\\\/#\\\/schema\\\/logo\\\/image\\\/\",\"url\":\"https:\\\/\\\/www.avantitalygroup.it\\\/wp-content\\\/uploads\\\/2025\\\/11\\\/logo-avant-italy-dark-e1762881481840.png\",\"contentUrl\":\"https:\\\/\\\/www.avantitalygroup.it\\\/wp-content\\\/uploads\\\/2025\\\/11\\\/logo-avant-italy-dark-e1762881481840.png\",\"width\":107,\"height\":95,\"caption\":\"AVANT Italy Group\"},\"image\":{\"@id\":\"https:\\\/\\\/www.avantitalygroup.it\\\/#\\\/schema\\\/logo\\\/image\\\/\"}}]}<\/script>\n<!-- \/ Yoast SEO plugin. -->","yoast_head_json":{"title":"DOWNLOAD - AVANT Italy Group","robots":{"index":"index","follow":"follow","max-snippet":"max-snippet:-1","max-image-preview":"max-image-preview:large","max-video-preview":"max-video-preview:-1"},"canonical":"https:\/\/www.avantitalygroup.it\/en\/area-riservata\/","og_locale":"en_GB","og_type":"article","og_title":"DOWNLOAD - AVANT Italy Group","og_url":"https:\/\/www.avantitalygroup.it\/en\/area-riservata\/","og_site_name":"AVANT Italy Group","article_modified_time":"2026-01-07T11:15:41+00:00","twitter_card":"summary_large_image","twitter_misc":{"Estimated reading time":"3 minutes"},"schema":{"@context":"https:\/\/schema.org","@graph":[{"@type":"WebPage","@id":"https:\/\/www.avantitalygroup.it\/area-riservata\/","url":"https:\/\/www.avantitalygroup.it\/area-riservata\/","name":"DOWNLOAD - AVANT Italy Group","isPartOf":{"@id":"https:\/\/www.avantitalygroup.it\/#website"},"datePublished":"2025-11-11T09:54:02+00:00","dateModified":"2026-01-07T11:15:41+00:00","breadcrumb":{"@id":"https:\/\/www.avantitalygroup.it\/area-riservata\/#breadcrumb"},"inLanguage":"en-GB","potentialAction":[{"@type":"ReadAction","target":["https:\/\/www.avantitalygroup.it\/area-riservata\/"]}]},{"@type":"BreadcrumbList","@id":"https:\/\/www.avantitalygroup.it\/area-riservata\/#breadcrumb","itemListElement":[{"@type":"ListItem","position":1,"name":"Home","item":"https:\/\/www.avantitalygroup.it\/"},{"@type":"ListItem","position":2,"name":"DOWNLOAD"}]},{"@type":"WebSite","@id":"https:\/\/www.avantitalygroup.it\/#website","url":"https:\/\/www.avantitalygroup.it\/","name":"AVANT Italy Group","description":"Sistemi in alluminio","publisher":{"@id":"https:\/\/www.avantitalygroup.it\/#organization"},"potentialAction":[{"@type":"SearchAction","target":{"@type":"EntryPoint","urlTemplate":"https:\/\/www.avantitalygroup.it\/?s={search_term_string}"},"query-input":{"@type":"PropertyValueSpecification","valueRequired":true,"valueName":"search_term_string"}}],"inLanguage":"en-GB"},{"@type":"Organization","@id":"https:\/\/www.avantitalygroup.it\/#organization","name":"AVANT Italy Group","url":"https:\/\/www.avantitalygroup.it\/","logo":{"@type":"ImageObject","inLanguage":"en-GB","@id":"https:\/\/www.avantitalygroup.it\/#\/schema\/logo\/image\/","url":"https:\/\/www.avantitalygroup.it\/wp-content\/uploads\/2025\/11\/logo-avant-italy-dark-e1762881481840.png","contentUrl":"https:\/\/www.avantitalygroup.it\/wp-content\/uploads\/2025\/11\/logo-avant-italy-dark-e1762881481840.png","width":107,"height":95,"caption":"AVANT Italy Group"},"image":{"@id":"https:\/\/www.avantitalygroup.it\/#\/schema\/logo\/image\/"}}]}},"_links":{"self":[{"href":"https:\/\/www.avantitalygroup.it\/en\/wp-json\/wp\/v2\/pages\/44","targetHints":{"allow":["GET"]}}],"collection":[{"href":"https:\/\/www.avantitalygroup.it\/en\/wp-json\/wp\/v2\/pages"}],"about":[{"href":"https:\/\/www.avantitalygroup.it\/en\/wp-json\/wp\/v2\/types\/page"}],"author":[{"embeddable":true,"href":"https:\/\/www.avantitalygroup.it\/en\/wp-json\/wp\/v2\/users\/1"}],"replies":[{"embeddable":true,"href":"https:\/\/www.avantitalygroup.it\/en\/wp-json\/wp\/v2\/comments?post=44"}],"version-history":[{"count":22,"href":"https:\/\/www.avantitalygroup.it\/en\/wp-json\/wp\/v2\/pages\/44\/revisions"}],"predecessor-version":[{"id":813,"href":"https:\/\/www.avantitalygroup.it\/en\/wp-json\/wp\/v2\/pages\/44\/revisions\/813"}],"wp:attachment":[{"href":"https:\/\/www.avantitalygroup.it\/en\/wp-json\/wp\/v2\/media?parent=44"}],"curies":[{"name":"wp","href":"https:\/\/api.w.org\/{rel}","templated":true}]}}